{"id":17429,"date":"2023-01-16T12:52:57","date_gmt":"2023-01-16T11:52:57","guid":{"rendered":"https:\/\/cometosweden.se\/?post_type=product&#038;p=17429"},"modified":"2026-03-18T20:30:38","modified_gmt":"2026-03-18T19:30:38","slug":"jonkoping-city-of-matches-postcard","status":"publish","type":"product","link":"https:\/\/cometosweden.se\/en\/product\/jonkoping-city-of-matches-postcard\/","title":{"rendered":"J\u00f6nk\u00f6ping City of Matches, Postcard"},"content":{"rendered":"<p>Celebrate J\u00f6nk\u00f6ping &#8211; vintage style. This is your favourite vintage Swedish travel poster, here printed as a high quality postcard. Printed in Finland.<\/p>\n","protected":false},"excerpt":{"rendered":"<p>Celebrate J\u00f6nk\u00f6ping &#8211; vintage style. This is your favourite vintage Swedish travel poster, here printed as a high quality postcard. Printed in Finland.<\/p>\n","protected":false},"featured_media":17424,"template":"","meta":{"_acf_changed":false},"product_brand":[],"product_cat":[216],"product_tag":[],"class_list":{"0":"post-17429","1":"product","2":"type-product","3":"status-publish","4":"has-post-thumbnail","6":"product_cat-postcards","8":"first","9":"instock","10":"sale","11":"taxable","12":"shipping-taxable","13":"purchasable","14":"product-type-simple"},"acf":[],"yoast_head":"<!-- This site is optimized with the Yoast SEO plugin v27.3 - https:\/\/yoast.com\/product\/yoast-seo-wordpress\/ -->\n<title>J\u00f6nk\u00f6ping City of Matches, Postcard - Come To Sweden<\/title>\n<meta name=\"description\" content=\"Greetings from J\u00f6nk\u00f6ping! Show your style with this classic Swedish travel poster printed on a post card. Worldwide delivery.\" \/>\n<meta name=\"robots\" content=\"index, follow, max-snippet:-1, max-image-preview:large, max-video-preview:-1\" \/>\n<link rel=\"canonical\" href=\"https:\/\/cometosweden.se\/en\/product\/jonkoping-city-of-matches-postcard\/\" \/>\n<meta property=\"og:locale\" content=\"en_US\" \/>\n<meta property=\"og:type\" content=\"article\" \/>\n<meta property=\"og:title\" content=\"J\u00f6nk\u00f6ping City of Matches, Postcard - Come To Sweden\" \/>\n<meta property=\"og:description\" content=\"Greetings from J\u00f6nk\u00f6ping! Show your style with this classic Swedish travel poster printed on a post card. Worldwide delivery.\" \/>\n<meta property=\"og:url\" content=\"https:\/\/cometosweden.se\/en\/product\/jonkoping-city-of-matches-postcard\/\" \/>\n<meta property=\"og:site_name\" content=\"Come To Sweden\" \/>\n<meta property=\"article:modified_time\" content=\"2026-03-18T19:30:38+00:00\" \/>\n<meta property=\"og:image\" content=\"https:\/\/cometosweden.se\/wp-content\/uploads\/sites\/2\/2024\/01\/Jonkoping-City-of-matches_Come-to-Sweden_P-A4-5102_A4.jpeg\" \/>\n\t<meta property=\"og:image:width\" content=\"1500\" \/>\n\t<meta property=\"og:image:height\" content=\"2105\" \/>\n\t<meta property=\"og:image:type\" content=\"image\/jpeg\" \/>\n<meta name=\"twitter:card\" content=\"summary_large_image\" \/>\n<meta name=\"twitter:label1\" content=\"Est. reading time\" \/>\n\t<meta name=\"twitter:data1\" content=\"1 minute\" \/>\n<script type=\"application\/ld+json\" class=\"yoast-schema-graph\">{\"@context\":\"https:\\\/\\\/schema.org\",\"@graph\":[{\"@type\":\"WebPage\",\"@id\":\"https:\\\/\\\/cometosweden.se\\\/en\\\/product\\\/jonkoping-city-of-matches-postcard\\\/\",\"url\":\"https:\\\/\\\/cometosweden.se\\\/en\\\/product\\\/jonkoping-city-of-matches-postcard\\\/\",\"name\":\"J\u00f6nk\u00f6ping City of Matches, Postcard - Come To Sweden\",\"isPartOf\":{\"@id\":\"https:\\\/\\\/cometosweden.se\\\/en\\\/#website\"},\"primaryImageOfPage\":{\"@id\":\"https:\\\/\\\/cometosweden.se\\\/en\\\/product\\\/jonkoping-city-of-matches-postcard\\\/#primaryimage\"},\"image\":{\"@id\":\"https:\\\/\\\/cometosweden.se\\\/en\\\/product\\\/jonkoping-city-of-matches-postcard\\\/#primaryimage\"},\"thumbnailUrl\":\"https:\\\/\\\/cometosweden.se\\\/wp-content\\\/uploads\\\/sites\\\/2\\\/2024\\\/01\\\/Jonkoping-City-of-matches_Come-to-Sweden_P-A4-5102_A4.jpeg\",\"datePublished\":\"2023-01-16T11:52:57+00:00\",\"dateModified\":\"2026-03-18T19:30:38+00:00\",\"description\":\"Greetings from J\u00f6nk\u00f6ping! Show your style with this classic Swedish travel poster printed on a post card. Worldwide delivery.\",\"breadcrumb\":{\"@id\":\"https:\\\/\\\/cometosweden.se\\\/en\\\/product\\\/jonkoping-city-of-matches-postcard\\\/#breadcrumb\"},\"inLanguage\":\"en-US\",\"potentialAction\":[{\"@type\":\"ReadAction\",\"target\":[\"https:\\\/\\\/cometosweden.se\\\/en\\\/product\\\/jonkoping-city-of-matches-postcard\\\/\"]}]},{\"@type\":\"ImageObject\",\"inLanguage\":\"en-US\",\"@id\":\"https:\\\/\\\/cometosweden.se\\\/en\\\/product\\\/jonkoping-city-of-matches-postcard\\\/#primaryimage\",\"url\":\"https:\\\/\\\/cometosweden.se\\\/wp-content\\\/uploads\\\/sites\\\/2\\\/2024\\\/01\\\/Jonkoping-City-of-matches_Come-to-Sweden_P-A4-5102_A4.jpeg\",\"contentUrl\":\"https:\\\/\\\/cometosweden.se\\\/wp-content\\\/uploads\\\/sites\\\/2\\\/2024\\\/01\\\/Jonkoping-City-of-matches_Come-to-Sweden_P-A4-5102_A4.jpeg\",\"width\":1500,\"height\":2105},{\"@type\":\"BreadcrumbList\",\"@id\":\"https:\\\/\\\/cometosweden.se\\\/en\\\/product\\\/jonkoping-city-of-matches-postcard\\\/#breadcrumb\",\"itemListElement\":[{\"@type\":\"ListItem\",\"position\":1,\"name\":\"Home\",\"item\":\"https:\\\/\\\/cometosweden.se\\\/en\\\/\"},{\"@type\":\"ListItem\",\"position\":2,\"name\":\"Shop\",\"item\":\"https:\\\/\\\/cometosweden.se\\\/en\\\/shop\\\/\"},{\"@type\":\"ListItem\",\"position\":3,\"name\":\"J\u00f6nk\u00f6ping City of Matches, Postcard\"}]},{\"@type\":\"WebSite\",\"@id\":\"https:\\\/\\\/cometosweden.se\\\/en\\\/#website\",\"url\":\"https:\\\/\\\/cometosweden.se\\\/en\\\/\",\"name\":\"Come To Sweden\",\"description\":\"Reprints of vintage Swedish travel posters\",\"potentialAction\":[{\"@type\":\"SearchAction\",\"target\":{\"@type\":\"EntryPoint\",\"urlTemplate\":\"https:\\\/\\\/cometosweden.se\\\/en\\\/?s={search_term_string}\"},\"query-input\":{\"@type\":\"PropertyValueSpecification\",\"valueRequired\":true,\"valueName\":\"search_term_string\"}}],\"inLanguage\":\"en-US\"}]}<\/script>\n<!-- \/ Yoast SEO plugin. -->","yoast_head_json":{"title":"J\u00f6nk\u00f6ping City of Matches, Postcard - Come To Sweden","description":"Greetings from J\u00f6nk\u00f6ping! Show your style with this classic Swedish travel poster printed on a post card. Worldwide delivery.","robots":{"index":"index","follow":"follow","max-snippet":"max-snippet:-1","max-image-preview":"max-image-preview:large","max-video-preview":"max-video-preview:-1"},"canonical":"https:\/\/cometosweden.se\/en\/product\/jonkoping-city-of-matches-postcard\/","og_locale":"en_US","og_type":"article","og_title":"J\u00f6nk\u00f6ping City of Matches, Postcard - Come To Sweden","og_description":"Greetings from J\u00f6nk\u00f6ping! Show your style with this classic Swedish travel poster printed on a post card. Worldwide delivery.","og_url":"https:\/\/cometosweden.se\/en\/product\/jonkoping-city-of-matches-postcard\/","og_site_name":"Come To Sweden","article_modified_time":"2026-03-18T19:30:38+00:00","og_image":[{"width":1500,"height":2105,"url":"https:\/\/cometosweden.se\/wp-content\/uploads\/sites\/2\/2024\/01\/Jonkoping-City-of-matches_Come-to-Sweden_P-A4-5102_A4.jpeg","type":"image\/jpeg"}],"twitter_card":"summary_large_image","twitter_misc":{"Est. reading time":"1 minute"},"schema":{"@context":"https:\/\/schema.org","@graph":[{"@type":"WebPage","@id":"https:\/\/cometosweden.se\/en\/product\/jonkoping-city-of-matches-postcard\/","url":"https:\/\/cometosweden.se\/en\/product\/jonkoping-city-of-matches-postcard\/","name":"J\u00f6nk\u00f6ping City of Matches, Postcard - Come To Sweden","isPartOf":{"@id":"https:\/\/cometosweden.se\/en\/#website"},"primaryImageOfPage":{"@id":"https:\/\/cometosweden.se\/en\/product\/jonkoping-city-of-matches-postcard\/#primaryimage"},"image":{"@id":"https:\/\/cometosweden.se\/en\/product\/jonkoping-city-of-matches-postcard\/#primaryimage"},"thumbnailUrl":"https:\/\/cometosweden.se\/wp-content\/uploads\/sites\/2\/2024\/01\/Jonkoping-City-of-matches_Come-to-Sweden_P-A4-5102_A4.jpeg","datePublished":"2023-01-16T11:52:57+00:00","dateModified":"2026-03-18T19:30:38+00:00","description":"Greetings from J\u00f6nk\u00f6ping! Show your style with this classic Swedish travel poster printed on a post card. Worldwide delivery.","breadcrumb":{"@id":"https:\/\/cometosweden.se\/en\/product\/jonkoping-city-of-matches-postcard\/#breadcrumb"},"inLanguage":"en-US","potentialAction":[{"@type":"ReadAction","target":["https:\/\/cometosweden.se\/en\/product\/jonkoping-city-of-matches-postcard\/"]}]},{"@type":"ImageObject","inLanguage":"en-US","@id":"https:\/\/cometosweden.se\/en\/product\/jonkoping-city-of-matches-postcard\/#primaryimage","url":"https:\/\/cometosweden.se\/wp-content\/uploads\/sites\/2\/2024\/01\/Jonkoping-City-of-matches_Come-to-Sweden_P-A4-5102_A4.jpeg","contentUrl":"https:\/\/cometosweden.se\/wp-content\/uploads\/sites\/2\/2024\/01\/Jonkoping-City-of-matches_Come-to-Sweden_P-A4-5102_A4.jpeg","width":1500,"height":2105},{"@type":"BreadcrumbList","@id":"https:\/\/cometosweden.se\/en\/product\/jonkoping-city-of-matches-postcard\/#breadcrumb","itemListElement":[{"@type":"ListItem","position":1,"name":"Home","item":"https:\/\/cometosweden.se\/en\/"},{"@type":"ListItem","position":2,"name":"Shop","item":"https:\/\/cometosweden.se\/en\/shop\/"},{"@type":"ListItem","position":3,"name":"J\u00f6nk\u00f6ping City of Matches, Postcard"}]},{"@type":"WebSite","@id":"https:\/\/cometosweden.se\/en\/#website","url":"https:\/\/cometosweden.se\/en\/","name":"Come To Sweden","description":"Reprints of vintage Swedish travel posters","potentialAction":[{"@type":"SearchAction","target":{"@type":"EntryPoint","urlTemplate":"https:\/\/cometosweden.se\/en\/?s={search_term_string}"},"query-input":{"@type":"PropertyValueSpecification","valueRequired":true,"valueName":"search_term_string"}}],"inLanguage":"en-US"}]}},"_links":{"self":[{"href":"https:\/\/cometosweden.se\/en\/wp-json\/wp\/v2\/product\/17429","targetHints":{"allow":["GET"]}}],"collection":[{"href":"https:\/\/cometosweden.se\/en\/wp-json\/wp\/v2\/product"}],"about":[{"href":"https:\/\/cometosweden.se\/en\/wp-json\/wp\/v2\/types\/product"}],"wp:featuredmedia":[{"embeddable":true,"href":"https:\/\/cometosweden.se\/en\/wp-json\/wp\/v2\/media\/17424"}],"wp:attachment":[{"href":"https:\/\/cometosweden.se\/en\/wp-json\/wp\/v2\/media?parent=17429"}],"wp:term":[{"taxonomy":"product_brand","embeddable":true,"href":"https:\/\/cometosweden.se\/en\/wp-json\/wp\/v2\/product_brand?post=17429"},{"taxonomy":"product_cat","embeddable":true,"href":"https:\/\/cometosweden.se\/en\/wp-json\/wp\/v2\/product_cat?post=17429"},{"taxonomy":"product_tag","embeddable":true,"href":"https:\/\/cometosweden.se\/en\/wp-json\/wp\/v2\/product_tag?post=17429"}],"curies":[{"name":"wp","href":"https:\/\/api.w.org\/{rel}","templated":true}]}}