{"id":17091,"date":"2021-08-22T18:21:47","date_gmt":"2021-08-22T16:21:47","guid":{"rendered":"https:\/\/cometosweden.se\/?post_type=product&#038;p=17091"},"modified":"2026-03-18T20:29:37","modified_gmt":"2026-03-18T19:29:37","slug":"branas-by-christina-hagerfors-poster-50-x-70-cm","status":"publish","type":"product","link":"https:\/\/cometosweden.se\/en\/product\/branas-by-christina-hagerfors-poster-50-x-70-cm\/","title":{"rendered":"Bran\u00e4s by Christina H\u00e4gerfors, Poster 50 x 70 cm"},"content":{"rendered":"<div class=\"product-description\">\n<p class=\"p1\"><span class=\"s1\">This is a modern travel poster celebrating the ski-resort of Bran\u00e4s in V\u00e4rmland in Sweden. It has been created by the artist Christina H\u00e4gerfors and belongs to our Custom Print series. That means we will print it individually for you!<\/span><\/p>\n<p class=\"p1\"><span class=\"s1\">We use the latest printing technique, and that\u2019s why we can guarantee that the luminosity and fullness of the colour scheme are outstanding. As a result, the colors will last for generations. And we only print on high-quality FSC-certified matte paper.<\/span><\/p>\n<p class=\"p1\"><span class=\"s1\">We will deliver the poster to you in our stylish Come to Sweden poster tube.<\/span><\/p>\n<\/div>\n","protected":false},"excerpt":{"rendered":"<p>This is a modern travel poster celebrating the ski-resort of Bran\u00e4s in V\u00e4rmland in Sweden. It has been created by the artist Christina H\u00e4gerfors and belongs to our Custom Print series. That means we will print it individually for you! We use the latest printing technique, and that\u2019s why we can guarantee that the luminosity [&hellip;]<\/p>\n","protected":false},"featured_media":17086,"template":"","meta":{"_acf_changed":false},"product_brand":[],"product_cat":[103,274],"product_tag":[298],"class_list":{"0":"post-17091","1":"product","2":"type-product","3":"status-publish","4":"has-post-thumbnail","6":"product_cat-posters","7":"product_cat-posters-today-50x70","8":"product_tag-varmland","10":"first","11":"instock","12":"taxable","13":"shipping-taxable","14":"purchasable","15":"product-type-simple"},"acf":[],"yoast_head":"<!-- This site is optimized with the Yoast SEO plugin v27.4 - https:\/\/yoast.com\/product\/yoast-seo-wordpress\/ -->\n<title>Bran\u00e4s by Christina H\u00e4gerfors, Poster 50 x 70 cm - Come To Sweden<\/title>\n<meta name=\"description\" content=\"Celebrate the Swedish ski resort of Bran\u00e4s with this modern travel poster. The artist is award winning Christina H\u00e4gerfors. Worldwide delivery!\" \/>\n<meta name=\"robots\" content=\"index, follow, max-snippet:-1, max-image-preview:large, max-video-preview:-1\" \/>\n<link rel=\"canonical\" href=\"https:\/\/cometosweden.se\/en\/product\/branas-by-christina-hagerfors-poster-50-x-70-cm\/\" \/>\n<meta property=\"og:locale\" content=\"en_US\" \/>\n<meta property=\"og:type\" content=\"article\" \/>\n<meta property=\"og:title\" content=\"Bran\u00e4s by Christina H\u00e4gerfors, Poster 50 x 70 cm - Come To Sweden\" \/>\n<meta property=\"og:description\" content=\"Celebrate the Swedish ski resort of Bran\u00e4s with this modern travel poster. The artist is award winning Christina H\u00e4gerfors. Worldwide delivery!\" \/>\n<meta property=\"og:url\" content=\"https:\/\/cometosweden.se\/en\/product\/branas-by-christina-hagerfors-poster-50-x-70-cm\/\" \/>\n<meta property=\"og:site_name\" content=\"Come To Sweden\" \/>\n<meta property=\"article:modified_time\" content=\"2026-03-18T19:29:37+00:00\" \/>\n<meta property=\"og:image\" content=\"https:\/\/cometosweden.se\/wp-content\/uploads\/sites\/2\/2023\/08\/P-M-8021_branas5067061.jpeg\" \/>\n\t<meta property=\"og:image:width\" content=\"1500\" \/>\n\t<meta property=\"og:image:height\" content=\"2093\" \/>\n\t<meta property=\"og:image:type\" content=\"image\/jpeg\" \/>\n<meta name=\"twitter:card\" content=\"summary_large_image\" \/>\n<meta name=\"twitter:label1\" content=\"Est. reading time\" \/>\n\t<meta name=\"twitter:data1\" content=\"1 minute\" \/>\n<script type=\"application\/ld+json\" class=\"yoast-schema-graph\">{\"@context\":\"https:\\\/\\\/schema.org\",\"@graph\":[{\"@type\":\"WebPage\",\"@id\":\"https:\\\/\\\/cometosweden.se\\\/en\\\/product\\\/branas-by-christina-hagerfors-poster-50-x-70-cm\\\/\",\"url\":\"https:\\\/\\\/cometosweden.se\\\/en\\\/product\\\/branas-by-christina-hagerfors-poster-50-x-70-cm\\\/\",\"name\":\"Bran\u00e4s by Christina H\u00e4gerfors, Poster 50 x 70 cm - Come To Sweden\",\"isPartOf\":{\"@id\":\"https:\\\/\\\/cometosweden.se\\\/en\\\/#website\"},\"primaryImageOfPage\":{\"@id\":\"https:\\\/\\\/cometosweden.se\\\/en\\\/product\\\/branas-by-christina-hagerfors-poster-50-x-70-cm\\\/#primaryimage\"},\"image\":{\"@id\":\"https:\\\/\\\/cometosweden.se\\\/en\\\/product\\\/branas-by-christina-hagerfors-poster-50-x-70-cm\\\/#primaryimage\"},\"thumbnailUrl\":\"https:\\\/\\\/cometosweden.se\\\/wp-content\\\/uploads\\\/sites\\\/2\\\/2023\\\/08\\\/P-M-8021_branas5067061.jpeg\",\"datePublished\":\"2021-08-22T16:21:47+00:00\",\"dateModified\":\"2026-03-18T19:29:37+00:00\",\"description\":\"Celebrate the Swedish ski resort of Bran\u00e4s with this modern travel poster. The artist is award winning Christina H\u00e4gerfors. Worldwide delivery!\",\"breadcrumb\":{\"@id\":\"https:\\\/\\\/cometosweden.se\\\/en\\\/product\\\/branas-by-christina-hagerfors-poster-50-x-70-cm\\\/#breadcrumb\"},\"inLanguage\":\"en-US\",\"potentialAction\":[{\"@type\":\"ReadAction\",\"target\":[\"https:\\\/\\\/cometosweden.se\\\/en\\\/product\\\/branas-by-christina-hagerfors-poster-50-x-70-cm\\\/\"]}]},{\"@type\":\"ImageObject\",\"inLanguage\":\"en-US\",\"@id\":\"https:\\\/\\\/cometosweden.se\\\/en\\\/product\\\/branas-by-christina-hagerfors-poster-50-x-70-cm\\\/#primaryimage\",\"url\":\"https:\\\/\\\/cometosweden.se\\\/wp-content\\\/uploads\\\/sites\\\/2\\\/2023\\\/08\\\/P-M-8021_branas5067061.jpeg\",\"contentUrl\":\"https:\\\/\\\/cometosweden.se\\\/wp-content\\\/uploads\\\/sites\\\/2\\\/2023\\\/08\\\/P-M-8021_branas5067061.jpeg\",\"width\":1500,\"height\":2093},{\"@type\":\"BreadcrumbList\",\"@id\":\"https:\\\/\\\/cometosweden.se\\\/en\\\/product\\\/branas-by-christina-hagerfors-poster-50-x-70-cm\\\/#breadcrumb\",\"itemListElement\":[{\"@type\":\"ListItem\",\"position\":1,\"name\":\"Home\",\"item\":\"https:\\\/\\\/cometosweden.se\\\/en\\\/\"},{\"@type\":\"ListItem\",\"position\":2,\"name\":\"Shop\",\"item\":\"https:\\\/\\\/cometosweden.se\\\/en\\\/shop\\\/\"},{\"@type\":\"ListItem\",\"position\":3,\"name\":\"Bran\u00e4s by Christina H\u00e4gerfors, Poster 50 x 70 cm\"}]},{\"@type\":\"WebSite\",\"@id\":\"https:\\\/\\\/cometosweden.se\\\/en\\\/#website\",\"url\":\"https:\\\/\\\/cometosweden.se\\\/en\\\/\",\"name\":\"Come To Sweden\",\"description\":\"Reprints of vintage Swedish travel posters\",\"potentialAction\":[{\"@type\":\"SearchAction\",\"target\":{\"@type\":\"EntryPoint\",\"urlTemplate\":\"https:\\\/\\\/cometosweden.se\\\/en\\\/?s={search_term_string}\"},\"query-input\":{\"@type\":\"PropertyValueSpecification\",\"valueRequired\":true,\"valueName\":\"search_term_string\"}}],\"inLanguage\":\"en-US\"}]}<\/script>\n<!-- \/ Yoast SEO plugin. -->","yoast_head_json":{"title":"Bran\u00e4s by Christina H\u00e4gerfors, Poster 50 x 70 cm - Come To Sweden","description":"Celebrate the Swedish ski resort of Bran\u00e4s with this modern travel poster. The artist is award winning Christina H\u00e4gerfors. Worldwide delivery!","robots":{"index":"index","follow":"follow","max-snippet":"max-snippet:-1","max-image-preview":"max-image-preview:large","max-video-preview":"max-video-preview:-1"},"canonical":"https:\/\/cometosweden.se\/en\/product\/branas-by-christina-hagerfors-poster-50-x-70-cm\/","og_locale":"en_US","og_type":"article","og_title":"Bran\u00e4s by Christina H\u00e4gerfors, Poster 50 x 70 cm - Come To Sweden","og_description":"Celebrate the Swedish ski resort of Bran\u00e4s with this modern travel poster. The artist is award winning Christina H\u00e4gerfors. Worldwide delivery!","og_url":"https:\/\/cometosweden.se\/en\/product\/branas-by-christina-hagerfors-poster-50-x-70-cm\/","og_site_name":"Come To Sweden","article_modified_time":"2026-03-18T19:29:37+00:00","og_image":[{"width":1500,"height":2093,"url":"https:\/\/cometosweden.se\/wp-content\/uploads\/sites\/2\/2023\/08\/P-M-8021_branas5067061.jpeg","type":"image\/jpeg"}],"twitter_card":"summary_large_image","twitter_misc":{"Est. reading time":"1 minute"},"schema":{"@context":"https:\/\/schema.org","@graph":[{"@type":"WebPage","@id":"https:\/\/cometosweden.se\/en\/product\/branas-by-christina-hagerfors-poster-50-x-70-cm\/","url":"https:\/\/cometosweden.se\/en\/product\/branas-by-christina-hagerfors-poster-50-x-70-cm\/","name":"Bran\u00e4s by Christina H\u00e4gerfors, Poster 50 x 70 cm - Come To Sweden","isPartOf":{"@id":"https:\/\/cometosweden.se\/en\/#website"},"primaryImageOfPage":{"@id":"https:\/\/cometosweden.se\/en\/product\/branas-by-christina-hagerfors-poster-50-x-70-cm\/#primaryimage"},"image":{"@id":"https:\/\/cometosweden.se\/en\/product\/branas-by-christina-hagerfors-poster-50-x-70-cm\/#primaryimage"},"thumbnailUrl":"https:\/\/cometosweden.se\/wp-content\/uploads\/sites\/2\/2023\/08\/P-M-8021_branas5067061.jpeg","datePublished":"2021-08-22T16:21:47+00:00","dateModified":"2026-03-18T19:29:37+00:00","description":"Celebrate the Swedish ski resort of Bran\u00e4s with this modern travel poster. The artist is award winning Christina H\u00e4gerfors. Worldwide delivery!","breadcrumb":{"@id":"https:\/\/cometosweden.se\/en\/product\/branas-by-christina-hagerfors-poster-50-x-70-cm\/#breadcrumb"},"inLanguage":"en-US","potentialAction":[{"@type":"ReadAction","target":["https:\/\/cometosweden.se\/en\/product\/branas-by-christina-hagerfors-poster-50-x-70-cm\/"]}]},{"@type":"ImageObject","inLanguage":"en-US","@id":"https:\/\/cometosweden.se\/en\/product\/branas-by-christina-hagerfors-poster-50-x-70-cm\/#primaryimage","url":"https:\/\/cometosweden.se\/wp-content\/uploads\/sites\/2\/2023\/08\/P-M-8021_branas5067061.jpeg","contentUrl":"https:\/\/cometosweden.se\/wp-content\/uploads\/sites\/2\/2023\/08\/P-M-8021_branas5067061.jpeg","width":1500,"height":2093},{"@type":"BreadcrumbList","@id":"https:\/\/cometosweden.se\/en\/product\/branas-by-christina-hagerfors-poster-50-x-70-cm\/#breadcrumb","itemListElement":[{"@type":"ListItem","position":1,"name":"Home","item":"https:\/\/cometosweden.se\/en\/"},{"@type":"ListItem","position":2,"name":"Shop","item":"https:\/\/cometosweden.se\/en\/shop\/"},{"@type":"ListItem","position":3,"name":"Bran\u00e4s by Christina H\u00e4gerfors, Poster 50 x 70 cm"}]},{"@type":"WebSite","@id":"https:\/\/cometosweden.se\/en\/#website","url":"https:\/\/cometosweden.se\/en\/","name":"Come To Sweden","description":"Reprints of vintage Swedish travel posters","potentialAction":[{"@type":"SearchAction","target":{"@type":"EntryPoint","urlTemplate":"https:\/\/cometosweden.se\/en\/?s={search_term_string}"},"query-input":{"@type":"PropertyValueSpecification","valueRequired":true,"valueName":"search_term_string"}}],"inLanguage":"en-US"}]}},"_links":{"self":[{"href":"https:\/\/cometosweden.se\/en\/wp-json\/wp\/v2\/product\/17091","targetHints":{"allow":["GET"]}}],"collection":[{"href":"https:\/\/cometosweden.se\/en\/wp-json\/wp\/v2\/product"}],"about":[{"href":"https:\/\/cometosweden.se\/en\/wp-json\/wp\/v2\/types\/product"}],"wp:featuredmedia":[{"embeddable":true,"href":"https:\/\/cometosweden.se\/en\/wp-json\/wp\/v2\/media\/17086"}],"wp:attachment":[{"href":"https:\/\/cometosweden.se\/en\/wp-json\/wp\/v2\/media?parent=17091"}],"wp:term":[{"taxonomy":"product_brand","embeddable":true,"href":"https:\/\/cometosweden.se\/en\/wp-json\/wp\/v2\/product_brand?post=17091"},{"taxonomy":"product_cat","embeddable":true,"href":"https:\/\/cometosweden.se\/en\/wp-json\/wp\/v2\/product_cat?post=17091"},{"taxonomy":"product_tag","embeddable":true,"href":"https:\/\/cometosweden.se\/en\/wp-json\/wp\/v2\/product_tag?post=17091"}],"curies":[{"name":"wp","href":"https:\/\/api.w.org\/{rel}","templated":true}]}}