{"id":2910,"date":"2019-05-09T09:41:49","date_gmt":"2019-05-09T07:41:49","guid":{"rendered":"https:\/\/cometosweden.se\/technical-specifications-and-data-of-the-exhibition\/"},"modified":"2019-05-09T09:41:49","modified_gmt":"2019-05-09T07:41:49","slug":"technical-specifications-and-data-of-the-exhibition","status":"publish","type":"page","link":"https:\/\/cometosweden.se\/en\/technical-specifications-and-data-of-the-exhibition\/","title":{"rendered":"Technical specifications"},"content":{"rendered":"<p>The exhibition <a href=\"https:\/\/cometofinland.fi\/exhibition\/\"><em>Come to Finland &#8211; Paradise Calling<\/em><\/a> consists of original and authentic travel posters spanning from the 1890s to the 1960s, plus a number of contemporary travel posters created by Finnish artists for Come to Finland. The exhibitions depicts Finnish history through travel posters and insightful information boards (with text) that can be adjusted according to the venue.<\/p>\n<p><code><img loading=\"lazy\" decoding=\"async\" class=\"aligncenter wp-image-2832 size-large\" src=\"https:\/\/cometosweden.se\/wp-content\/uploads\/sites\/2\/2019\/05\/MG_1186-1024x683.jpg\" alt=\"\" width=\"1024\" height=\"683\" srcset=\"https:\/\/cometosweden.se\/wp-content\/uploads\/sites\/2\/2019\/05\/MG_1186-1024x683.jpg 1024w, https:\/\/cometosweden.se\/wp-content\/uploads\/sites\/2\/2019\/05\/MG_1186-300x200.jpg 300w, https:\/\/cometosweden.se\/wp-content\/uploads\/sites\/2\/2019\/05\/MG_1186-768x512.jpg 768w, https:\/\/cometosweden.se\/wp-content\/uploads\/sites\/2\/2019\/05\/MG_1186-250x167.jpg 250w, https:\/\/cometosweden.se\/wp-content\/uploads\/sites\/2\/2019\/05\/MG_1186-600x400.jpg 600w, https:\/\/cometosweden.se\/wp-content\/uploads\/sites\/2\/2019\/05\/MG_1186.jpg 1080w\" sizes=\"auto, (max-width: 1024px) 100vw, 1024px\" \/><\/code><\/p>\n<p><b>Number of posters:<\/b><span style=\"font-weight: 400;\"> The exhibition consists of approx 100 framed posters (adaptable).\u00a0<\/span><\/p>\n<p><b>Average size per framed poster:<\/b><span style=\"font-weight: 400;\"> 840 x 1400 mm. The exhibition also includes posters of various sizes, the smallest being 492 mm x 730 mm and the biggest 790 mm x 1200 mm<\/span><\/p>\n<p><b>Information boards, number:<\/b><span style=\"font-weight: 400;\"> minimum of 16, maximum 30. These are printed on 6 mm thick plywood.<\/span><\/p>\n<p><b>Information boards, size:<\/b><span style=\"font-weight: 400;\"> 630 x 1270 mm.<\/span><\/p>\n<p><b>Framing material:<\/b><span style=\"font-weight: 400;\"> Most of the posters are owned and framed by Come to Finland with HDF-board, plywood and plexiglass. Some are framed with metal and glass, and some with wood and glass (these are posters that we&#8217;ve lent from other collections).<\/span><\/p>\n<p><b>Information boards, material:<\/b><span style=\"font-weight: 400;\"> 6 mm plywood.<\/span><\/p>\n<p><b>Exhibition languages:<\/b><span style=\"font-weight: 400;\"> Finnish, Swedish, English. Russian, Japanese and Chinese as handouts. Adaptable for German-speaking markets. Other languages as agreed.<\/span><\/p>\n<p><b>Total wall space required:<\/b><span style=\"font-weight: 400;\"> Roughly 70 meters.<\/span><\/p>\n<p><b>Props:<\/b><span style=\"font-weight: 400;\"> Come to Finland is willing to co-operate with museums concerning exhibit items from museums.<\/span><\/p>\n<p><b>Additional information:<\/b><span style=\"font-weight: 400;\"> A documentary with clips from classic Finnish travel films from the archives of the National Audiovisual Institute and the Finnish Broadcasting Company is included in the exhibition.<\/span><\/p>\n<p><b>The time required for mounting the exhibition:<\/b><span style=\"font-weight: 400;\"> 5\u201310 days<\/span><\/p>\n<p><b>Rental fee: 7 \u2013 10 000 \u20ac <\/b><span style=\"font-weight: 400;\">(please contact us for more info)<\/span><b>. The exhibitor attends to the following:<\/b><\/p>\n<ul>\n<li style=\"font-weight: 400;\"><span style=\"font-weight: 400;\">mounting of the exhibition as instructed by Come to Finland<\/span><\/li>\n<li style=\"font-weight: 400;\"><span style=\"font-weight: 400;\">lighting arrangements<\/span><\/li>\n<li style=\"font-weight: 400;\"><span style=\"font-weight: 400;\">storage of the transport packages and varied protecting packaging materials for the duration of the exhibition<\/span><\/li>\n<li style=\"font-weight: 400;\"><span style=\"font-weight: 400;\">insurance cover for the exhibition for the duration it is in the exhibitor\u2019s premises (insurance value: 500-3000 euro \/ poster). Total insurance value: 140 000 \u20ac.<\/span><\/li>\n<li style=\"font-weight: 400;\"><span style=\"font-weight: 400;\">marketing, invitations to the opening ceremonies, catering at the opening etc.<\/span><\/li>\n<li style=\"font-weight: 400;\"><span style=\"font-weight: 400;\">mailing opening invitations<\/span><\/li>\n<li style=\"font-weight: 400;\"><span style=\"font-weight: 400;\">opening, practical arrangements<\/span><\/li>\n<li style=\"font-weight: 400;\"><span style=\"font-weight: 400;\">on-going surveillance of the exhibition<\/span><\/li>\n<li style=\"font-weight: 400;\"><span style=\"font-weight: 400;\">guiding of exhibition visitors<\/span><\/li>\n<li style=\"font-weight: 400;\"><span style=\"font-weight: 400;\">collecting press and media files<\/span><\/li>\n<li style=\"font-weight: 400;\"><span style=\"font-weight: 400;\">unmounting and packing the exhibition as instructed<\/span><\/li>\n<li style=\"font-weight: 400;\"><span style=\"font-weight: 400;\">transportation expenses of the exhibition from the previous location or to the following location<\/span><\/li>\n<li style=\"font-weight: 400;\"><span style=\"font-weight: 400;\">premises and keeping a shop that sells products by Come to Finland (posters, postcards, books etc.). The museum receives a sales commission.<\/span><\/li>\n<\/ul>\n<p><b>Come to Finland attends to:\u00a0<\/b><\/p>\n<ul>\n<li style=\"font-weight: 400;\"><span style=\"font-weight: 400;\">the exhibition itself (all posters, all information boards, the film and so on)<\/span><\/li>\n<li style=\"font-weight: 400;\"><span style=\"font-weight: 400;\">transport to the place of exhibition in cooperation with the previous exhibitor<\/span><\/li>\n<li style=\"font-weight: 400;\"><span style=\"font-weight: 400;\">transport insurance<\/span><\/li>\n<li style=\"font-weight: 400;\"><span style=\"font-weight: 400;\">presence of a person instructing the mounting of the exhibition<\/span><\/li>\n<li style=\"font-weight: 400;\"><span style=\"font-weight: 400;\">instructions for unmounting the exhibition<\/span><\/li>\n<li style=\"font-weight: 400;\"><span style=\"font-weight: 400;\">press releases, texts and pictures, videos<\/span><\/li>\n<li style=\"font-weight: 400;\"><span style=\"font-weight: 400;\">graphic layout of all marketing<\/span><\/li>\n<\/ul>\n<p><span style=\"font-weight: 400;\">Please contact Producer Magnus Londen, <\/span><span style=\"font-weight: 400;\">magnus.londen(a)cometofinland.fi<\/span><span style=\"font-weight: 400;\"> for more information.<\/span><\/p>\n<p><em>Banner photo: Bus crossing a strait in V\u00f6r\u00e5, Ostrobothnia, 1950-1965, Svenska litteraturs\u00e4llskapet i Finland, CC license.<\/em><\/p>\n","protected":false},"excerpt":{"rendered":"<p>The exhibition Come to Finland &#8211; Paradise Calling consists of original and authentic travel posters spanning from the 1890s to the 1960s, plus a number of contemporary travel posters created by Finnish artists for Come to Finland. The exhibitions depicts Finnish history through travel posters and insightful information boards (with text) that can be adjusted [&hellip;]<\/p>\n","protected":false},"author":1,"featured_media":0,"parent":0,"menu_order":0,"comment_status":"closed","ping_status":"closed","template":"","meta":{"_acf_changed":false,"footnotes":""},"class_list":["post-2910","page","type-page","status-publish","hentry"],"acf":[],"yoast_head":"<!-- This site is optimized with the Yoast SEO plugin v27.4 - https:\/\/yoast.com\/product\/yoast-seo-wordpress\/ -->\n<title>Technical specifications - Come To Sweden<\/title>\n<meta name=\"robots\" content=\"index, follow, max-snippet:-1, max-image-preview:large, max-video-preview:-1\" \/>\n<link rel=\"canonical\" href=\"https:\/\/cometosweden.se\/en\/technical-specifications-and-data-of-the-exhibition\/\" \/>\n<meta property=\"og:locale\" content=\"en_US\" \/>\n<meta property=\"og:type\" content=\"article\" \/>\n<meta property=\"og:title\" content=\"Technical specifications - Come To Sweden\" \/>\n<meta property=\"og:description\" content=\"The exhibition Come to Finland &#8211; Paradise Calling consists of original and authentic travel posters spanning from the 1890s to the 1960s, plus a number of contemporary travel posters created by Finnish artists for Come to Finland. The exhibitions depicts Finnish history through travel posters and insightful information boards (with text) that can be adjusted [&hellip;]\" \/>\n<meta property=\"og:url\" content=\"https:\/\/cometosweden.se\/en\/technical-specifications-and-data-of-the-exhibition\/\" \/>\n<meta property=\"og:site_name\" content=\"Come To Sweden\" \/>\n<meta property=\"og:image\" content=\"https:\/\/cometosweden.se\/wp-content\/uploads\/sites\/2\/2019\/05\/MG_1186-1024x683.jpg\" \/>\n<meta name=\"twitter:card\" content=\"summary_large_image\" \/>\n<meta name=\"twitter:label1\" content=\"Est. reading time\" \/>\n\t<meta name=\"twitter:data1\" content=\"2 minutes\" \/>\n<script type=\"application\/ld+json\" class=\"yoast-schema-graph\">{\"@context\":\"https:\\\/\\\/schema.org\",\"@graph\":[{\"@type\":\"WebPage\",\"@id\":\"https:\\\/\\\/cometosweden.se\\\/en\\\/technical-specifications-and-data-of-the-exhibition\\\/\",\"url\":\"https:\\\/\\\/cometosweden.se\\\/en\\\/technical-specifications-and-data-of-the-exhibition\\\/\",\"name\":\"Technical specifications - Come To Sweden\",\"isPartOf\":{\"@id\":\"https:\\\/\\\/cometosweden.se\\\/en\\\/#website\"},\"primaryImageOfPage\":{\"@id\":\"https:\\\/\\\/cometosweden.se\\\/en\\\/technical-specifications-and-data-of-the-exhibition\\\/#primaryimage\"},\"image\":{\"@id\":\"https:\\\/\\\/cometosweden.se\\\/en\\\/technical-specifications-and-data-of-the-exhibition\\\/#primaryimage\"},\"thumbnailUrl\":\"https:\\\/\\\/cometosweden.se\\\/wp-content\\\/uploads\\\/sites\\\/2\\\/2019\\\/05\\\/MG_1186-1024x683.jpg\",\"datePublished\":\"2019-05-09T07:41:49+00:00\",\"breadcrumb\":{\"@id\":\"https:\\\/\\\/cometosweden.se\\\/en\\\/technical-specifications-and-data-of-the-exhibition\\\/#breadcrumb\"},\"inLanguage\":\"en-US\",\"potentialAction\":[{\"@type\":\"ReadAction\",\"target\":[\"https:\\\/\\\/cometosweden.se\\\/en\\\/technical-specifications-and-data-of-the-exhibition\\\/\"]}]},{\"@type\":\"ImageObject\",\"inLanguage\":\"en-US\",\"@id\":\"https:\\\/\\\/cometosweden.se\\\/en\\\/technical-specifications-and-data-of-the-exhibition\\\/#primaryimage\",\"url\":\"https:\\\/\\\/cometosweden.se\\\/wp-content\\\/uploads\\\/sites\\\/2\\\/2019\\\/05\\\/MG_1186-1024x683.jpg\",\"contentUrl\":\"https:\\\/\\\/cometosweden.se\\\/wp-content\\\/uploads\\\/sites\\\/2\\\/2019\\\/05\\\/MG_1186-1024x683.jpg\"},{\"@type\":\"BreadcrumbList\",\"@id\":\"https:\\\/\\\/cometosweden.se\\\/en\\\/technical-specifications-and-data-of-the-exhibition\\\/#breadcrumb\",\"itemListElement\":[{\"@type\":\"ListItem\",\"position\":1,\"name\":\"Home\",\"item\":\"https:\\\/\\\/cometosweden.se\\\/en\\\/\"},{\"@type\":\"ListItem\",\"position\":2,\"name\":\"Technical specifications\"}]},{\"@type\":\"WebSite\",\"@id\":\"https:\\\/\\\/cometosweden.se\\\/en\\\/#website\",\"url\":\"https:\\\/\\\/cometosweden.se\\\/en\\\/\",\"name\":\"Come To Sweden\",\"description\":\"Reprints of vintage Swedish travel posters\",\"potentialAction\":[{\"@type\":\"SearchAction\",\"target\":{\"@type\":\"EntryPoint\",\"urlTemplate\":\"https:\\\/\\\/cometosweden.se\\\/en\\\/?s={search_term_string}\"},\"query-input\":{\"@type\":\"PropertyValueSpecification\",\"valueRequired\":true,\"valueName\":\"search_term_string\"}}],\"inLanguage\":\"en-US\"}]}<\/script>\n<!-- \/ Yoast SEO plugin. -->","yoast_head_json":{"title":"Technical specifications - Come To Sweden","robots":{"index":"index","follow":"follow","max-snippet":"max-snippet:-1","max-image-preview":"max-image-preview:large","max-video-preview":"max-video-preview:-1"},"canonical":"https:\/\/cometosweden.se\/en\/technical-specifications-and-data-of-the-exhibition\/","og_locale":"en_US","og_type":"article","og_title":"Technical specifications - Come To Sweden","og_description":"The exhibition Come to Finland &#8211; Paradise Calling consists of original and authentic travel posters spanning from the 1890s to the 1960s, plus a number of contemporary travel posters created by Finnish artists for Come to Finland. The exhibitions depicts Finnish history through travel posters and insightful information boards (with text) that can be adjusted [&hellip;]","og_url":"https:\/\/cometosweden.se\/en\/technical-specifications-and-data-of-the-exhibition\/","og_site_name":"Come To Sweden","og_image":[{"url":"https:\/\/cometosweden.se\/wp-content\/uploads\/sites\/2\/2019\/05\/MG_1186-1024x683.jpg","type":"","width":"","height":""}],"twitter_card":"summary_large_image","twitter_misc":{"Est. reading time":"2 minutes"},"schema":{"@context":"https:\/\/schema.org","@graph":[{"@type":"WebPage","@id":"https:\/\/cometosweden.se\/en\/technical-specifications-and-data-of-the-exhibition\/","url":"https:\/\/cometosweden.se\/en\/technical-specifications-and-data-of-the-exhibition\/","name":"Technical specifications - Come To Sweden","isPartOf":{"@id":"https:\/\/cometosweden.se\/en\/#website"},"primaryImageOfPage":{"@id":"https:\/\/cometosweden.se\/en\/technical-specifications-and-data-of-the-exhibition\/#primaryimage"},"image":{"@id":"https:\/\/cometosweden.se\/en\/technical-specifications-and-data-of-the-exhibition\/#primaryimage"},"thumbnailUrl":"https:\/\/cometosweden.se\/wp-content\/uploads\/sites\/2\/2019\/05\/MG_1186-1024x683.jpg","datePublished":"2019-05-09T07:41:49+00:00","breadcrumb":{"@id":"https:\/\/cometosweden.se\/en\/technical-specifications-and-data-of-the-exhibition\/#breadcrumb"},"inLanguage":"en-US","potentialAction":[{"@type":"ReadAction","target":["https:\/\/cometosweden.se\/en\/technical-specifications-and-data-of-the-exhibition\/"]}]},{"@type":"ImageObject","inLanguage":"en-US","@id":"https:\/\/cometosweden.se\/en\/technical-specifications-and-data-of-the-exhibition\/#primaryimage","url":"https:\/\/cometosweden.se\/wp-content\/uploads\/sites\/2\/2019\/05\/MG_1186-1024x683.jpg","contentUrl":"https:\/\/cometosweden.se\/wp-content\/uploads\/sites\/2\/2019\/05\/MG_1186-1024x683.jpg"},{"@type":"BreadcrumbList","@id":"https:\/\/cometosweden.se\/en\/technical-specifications-and-data-of-the-exhibition\/#breadcrumb","itemListElement":[{"@type":"ListItem","position":1,"name":"Home","item":"https:\/\/cometosweden.se\/en\/"},{"@type":"ListItem","position":2,"name":"Technical specifications"}]},{"@type":"WebSite","@id":"https:\/\/cometosweden.se\/en\/#website","url":"https:\/\/cometosweden.se\/en\/","name":"Come To Sweden","description":"Reprints of vintage Swedish travel posters","potentialAction":[{"@type":"SearchAction","target":{"@type":"EntryPoint","urlTemplate":"https:\/\/cometosweden.se\/en\/?s={search_term_string}"},"query-input":{"@type":"PropertyValueSpecification","valueRequired":true,"valueName":"search_term_string"}}],"inLanguage":"en-US"}]}},"_links":{"self":[{"href":"https:\/\/cometosweden.se\/en\/wp-json\/wp\/v2\/pages\/2910","targetHints":{"allow":["GET"]}}],"collection":[{"href":"https:\/\/cometosweden.se\/en\/wp-json\/wp\/v2\/pages"}],"about":[{"href":"https:\/\/cometosweden.se\/en\/wp-json\/wp\/v2\/types\/page"}],"author":[{"embeddable":true,"href":"https:\/\/cometosweden.se\/en\/wp-json\/wp\/v2\/users\/1"}],"replies":[{"embeddable":true,"href":"https:\/\/cometosweden.se\/en\/wp-json\/wp\/v2\/comments?post=2910"}],"version-history":[{"count":1,"href":"https:\/\/cometosweden.se\/en\/wp-json\/wp\/v2\/pages\/2910\/revisions"}],"predecessor-version":[{"id":2911,"href":"https:\/\/cometosweden.se\/en\/wp-json\/wp\/v2\/pages\/2910\/revisions\/2911"}],"wp:attachment":[{"href":"https:\/\/cometosweden.se\/en\/wp-json\/wp\/v2\/media?parent=2910"}],"curies":[{"name":"wp","href":"https:\/\/api.w.org\/{rel}","templated":true}]}}